{"id":144,"date":"2025-05-15T10:42:51","date_gmt":"2025-05-15T08:42:51","guid":{"rendered":"https:\/\/www.instahomemallorca.com\/inicio\/"},"modified":"2025-05-16T12:17:37","modified_gmt":"2025-05-16T10:17:37","slug":"inicio","status":"publish","type":"page","link":"https:\/\/www.instahomemallorca.com\/es\/","title":{"rendered":"INICIO"},"content":{"rendered":"<div class=\"wpb-content-wrapper\">[vc_section full_width=\u00bbstretch_row\u00bb full_height=\u00bbyes\u00bb content_placement=\u00bbmiddle\u00bb parallax=\u00bbcontent-moving\u00bb parallax_image=\u00bb27&#8243; parallax_speed_bg=\u00bb2&#8243; wpex_bg_overlay=\u00bbcolor\u00bb wpex_bg_overlay_color=\u00bb#474746&#8243; wpex_bg_overlay_opacity=\u00bb20%\u00bb local_scroll_id=\u00bbinici\u00bb el_id=\u00bbinici\u00bb][vc_row full_height=\u00bbyes\u00bb css=\u00bb.vc_custom_1747300592239{padding-top: 50px !important;padding-bottom: 50px !important;}\u00bb][vc_column][vc_single_image image=\u00bb17&#8243; css_animation=\u00bbfadeInDown\u00bb alignment=\u00bbcenter\u00bb css=\u00bb.vc_custom_1747315792942{margin-bottom: 0px !important;}\u00bb el_class=\u00bblogo\u00bb][vc_column_text css_animation=\u00bbfadeInUp\u00bb css=\u00bb\u00bb el_class=\u00bbsubtitol-centrat-color-2&#8243;]\n<h2>Nos rige la elegancia y el trabajo bien hecho<\/h2>\n[\/vc_column_text][\/vc_column][\/vc_row][\/vc_section][vc_section full_width=\u00bbstretch_row\u00bb full_height=\u00bbyes\u00bb content_placement=\u00bbmiddle\u00bb parallax=\u00bbcontent-moving\u00bb parallax_image=\u00bb55&#8243; parallax_speed_bg=\u00bb2&#8243; wpex_bg_overlay=\u00bbcolor\u00bb wpex_bg_overlay_color=\u00bb#474746&#8243; wpex_bg_overlay_opacity=\u00bb90%\u00bb local_scroll_id=\u00bbdescripcio\u00bb el_id=\u00bbdescripcio\u00bb][vc_row full_height=\u00bbyes\u00bb css=\u00bb.vc_custom_1747300592239{padding-top: 50px !important;padding-bottom: 50px !important;}\u00bb][vc_column][vc_single_image image=\u00bb17&#8243; css_animation=\u00bbfadeInDown\u00bb alignment=\u00bbcenter\u00bb css=\u00bb.vc_custom_1747316177758{padding-bottom: 25px !important;}\u00bb el_class=\u00bblogo\u00bb][vc_column_text css_animation=\u00bbfadeInUp\u00bb css=\u00bb\u00bb el_class=\u00bbtext-centrat-color\u00bb]En <strong>Instahome<\/strong> somos especialistas en la <strong>instalaci\u00f3n de cocinas, armarios y ba\u00f1os<\/strong> , ofreciendo soluciones a medida que combinan <strong>dise\u00f1o, funcionalidad y materiales de alta calidad<\/strong> .<\/p>\n<p>Trabajamos en colaboraci\u00f3n con reconocidas empresas de fabricaci\u00f3n, lo que nos permite ofrecer una <strong>amplia variedad de estilos, acabados y configuraciones personalizadas<\/strong> para adaptarnos a tus gustos y necesidades.<\/p>\n<p>Comprometidos con la calidad y la satisfacci\u00f3n del cliente<br \/>\n Nos encargamos de todo el proceso: desde la planificaci\u00f3n y la coordinaci\u00f3n con los fabricantes hasta la instalaci\u00f3n final, con puntualidad, limpieza y atenci\u00f3n al detalle.<\/p>\n<p>Trabajamos en toda la isla de <strong>Mallorca<\/strong> , ofreciendo un <strong>servicio cercano<\/strong> , profesional y adaptado a cada proyecto.<\/p>\n<p>Pide tu <strong>presupuesto sin compromiso<\/strong> y empieza a transformar tu hogar con nosotros.[\/vc_column_text][\/vc_column][\/vc_row][\/vc_section][vc_section full_width=\u00bbstretch_row\u00bb full_height=\u00bbyes\u00bb content_placement=\u00bbmiddle\u00bb wpex_bg_overlay=\u00bbcolor\u00bb wpex_bg_overlay_color=\u00bb#474746&#8243; wpex_bg_overlay_opacity=\u00bb100%\u00bb local_scroll_id=\u00bbserveis\u00bb el_id=\u00bbserveis\u00bb][vc_row full_height=\u00bbyes\u00bb css=\u00bb.vc_custom_1747300592239{padding-top: 50px !important;padding-bottom: 50px !important;}\u00bb][vc_column][vc_column_text css_animation=\u00bbfadeInDown\u00bb css=\u00bb\u00bb el_class=\u00bbsubtitol-centrat-color\u00bb]\n<h2>Servicios<\/h2>\n[\/vc_column_text][vc_column_text css_animation=\u00bbfadeInUp\u00bb css=\u00bb\u00bb el_class=\u00bbtext-centrat-color\u00bb]Nuestros servicios incluyen la instalaci\u00f3n de cocinas, armarios empotrados y vestuarios a medida y montaje de ba\u00f1os; adem\u00e1s nos encargamos del asesoramiento en dise\u00f1o y distribuci\u00f3n, para aprovechar cada rinc\u00f3n de tu casa.[\/vc_column_text][vc_row_inner css=\u00bb.vc_custom_1747316503347{padding-top: 50px !important;}\u00bb][vc_column_inner width=\u00bb1\/3&#8243; css=\u00bb.vc_custom_1747324760885{padding-top: 25px !important;padding-bottom: 25px !important;}\u00bb][vc_single_image image=\u00bb56&#8243; img_size=\u00bb250&#215;250&#8243; css_animation=\u00bbfadeInUp\u00bb alignment=\u00bbcenter\u00bb style=\u00bbvc_box_circle_2&#8243; onclick=\u00bbcustom_link\u00bb css=\u00bb.vc_custom_1747320514770{padding-bottom: 25px !important;}\u00bb img_hover=\u00bbopacity\u00bb link=\u00bbhttps:\/\/www.instahomemallorca.com\/es\/cocinas\/\u00bb][vc_column_text css_animation=\u00bbfadeInUp\u00bb css=\u00bb.vc_custom_1747390082471{padding-bottom: 25px !important;}\u00bb el_class=\u00bbsubtitol2&#8243;]\n<h3><a href=\"https:\/\/www.instahomemallorca.com\/es\/cocinas\/\">COCINAS<\/a><\/h3>\n[\/vc_column_text][vc_column_text css_animation=\u00bbfadeInUp\u00bb css=\u00bb\u00bb el_class=\u00bbtext-centrat-color\u00bb]Instalaci\u00f3n de cocinas: modernas, r\u00fasticas, minimalistas o personalizadas.[\/vc_column_text][\/vc_column_inner][vc_column_inner width=\u00bb1\/3&#8243; css=\u00bb.vc_custom_1747324766677{padding-top: 25px !important;padding-bottom: 25px !important;}\u00bb][vc_single_image image=\u00bb55&#8243; img_size=\u00bb250&#215;250&#8243; css_animation=\u00bbfadeInUp\u00bb alignment=\u00bbcenter\u00bb style=\u00bbvc_box_circle_2&#8243; onclick=\u00bbcustom_link\u00bb css=\u00bb.vc_custom_1747320525489{padding-bottom: 25px !important;}\u00bb img_hover=\u00bbopacity\u00bb link=\u00bbhttps:\/\/www.instahomemallorca.com\/es\/cocinas\/\u00bb][vc_column_text css_animation=\u00bbfadeInUp\u00bb css=\u00bb.vc_custom_1747390120348{padding-bottom: 25px !important;}\u00bb el_class=\u00bbsubtitol2&#8243;]\n<h3><a href=\"https:\/\/www.instahomemallorca.com\/es\/cocinas\/\">ARMARIOS<\/a><\/h3>\n[\/vc_column_text][vc_column_text css_animation=\u00bbfadeInUp\u00bb css=\u00bb\u00bb el_class=\u00bbtext-centrat-color\u00bb]Armarios empotrados y vestuarios a medida, optimizando el espacio con elegancia.[\/vc_column_text][\/vc_column_inner][vc_column_inner width=\u00bb1\/3&#8243; css=\u00bb.vc_custom_1747324771795{padding-top: 25px !important;padding-bottom: 25px !important;}\u00bb][vc_single_image image=\u00bb28&#8243; img_size=\u00bb250&#215;250&#8243; css_animation=\u00bbfadeInUp\u00bb alignment=\u00bbcenter\u00bb style=\u00bbvc_box_circle_2&#8243; onclick=\u00bbcustom_link\u00bb css=\u00bb.vc_custom_1747320540565{padding-bottom: 25px !important;}\u00bb img_hover=\u00bbopacity\u00bb link=\u00bbhttps:\/\/www.instahomemallorca.com\/es\/cocinas\/\u00bb][vc_column_text css_animation=\u00bbfadeInUp\u00bb css=\u00bb.vc_custom_1747390130282{padding-bottom: 25px !important;}\u00bb el_class=\u00bbsubtitol2&#8243;]\n<h3><a href=\"https:\/\/www.instahomemallorca.com\/es\/cocinas\/\">BA\u00d1OS<\/a><\/h3>\n[\/vc_column_text][vc_column_text css_animation=\u00bbfadeInUp\u00bb css=\u00bb\u00bb el_class=\u00bbtext-centrat-color\u00bb]Montaje de ba\u00f1os completos con mobiliario y accesorios.[\/vc_column_text][\/vc_column_inner][\/vc_row_inner][\/vc_column][\/vc_row][\/vc_section][vc_section full_width=\u00bbstretch_row\u00bb full_height=\u00bbyes\u00bb content_placement=\u00bbmiddle\u00bb wpex_bg_overlay=\u00bbcolor\u00bb wpex_bg_overlay_color=\u00bb#c8d7cf\u00bb wpex_bg_overlay_opacity=\u00bb100%\u00bb local_scroll_id=\u00bbcontacte\u00bb el_id=\u00bbcontacte\u00bb][vc_row full_height=\u00bbyes\u00bb css=\u00bb.vc_custom_1747300592239{padding-top: 50px !important;padding-bottom: 50px !important;}\u00bb][vc_column][vc_column_text css_animation=\u00bbfadeInDown\u00bb css=\u00bb\u00bb el_class=\u00bbsubtitol-centrat-black\u00bb]\n<h2>Contacto<\/h2>\n[\/vc_column_text][vc_column_text css_animation=\u00bbfadeInUp\u00bb css=\u00bb.vc_custom_1747318919647{padding-bottom: 50px !important;}\u00bb el_class=\u00bbtext-centrat\u00bb]En <strong>INSTAHOME Mallorca<\/strong> nos encargamos de que tu espacio sea el mejor.[\/vc_column_text]\n<div class=\"wpcf7 no-js\" id=\"wpcf7-f152-o1\" lang=\"es-ES\" dir=\"ltr\" data-wpcf7-id=\"152\">\n<div class=\"screen-reader-response\"><p role=\"status\" aria-live=\"polite\" aria-atomic=\"true\"><\/p> <ul><\/ul><\/div>\n<form action=\"\/es\/wp-json\/wp\/v2\/pages\/144#wpcf7-f152-o1\" method=\"post\" class=\"wpcf7-form init\" aria-label=\"Formulario de contacto\" novalidate=\"novalidate\" data-status=\"init\">\n<fieldset class=\"hidden-fields-container\"><input type=\"hidden\" name=\"_wpcf7\" value=\"152\" \/><input type=\"hidden\" name=\"_wpcf7_version\" value=\"6.1.5\" \/><input type=\"hidden\" name=\"_wpcf7_locale\" value=\"es_ES\" \/><input type=\"hidden\" name=\"_wpcf7_unit_tag\" value=\"wpcf7-f152-o1\" \/><input type=\"hidden\" name=\"_wpcf7_container_post\" value=\"0\" \/><input type=\"hidden\" name=\"_wpcf7_posted_data_hash\" value=\"\" \/><input type=\"hidden\" name=\"_wpcf7_recaptcha_response\" value=\"\" \/>\n<\/fieldset>\n<p><label for=\"nom\">Nombre<\/label><br \/>\n<span class=\"wpcf7-form-control-wrap\" data-name=\"nom\"><input size=\"40\" maxlength=\"400\" class=\"wpcf7-form-control wpcf7-text wpcf7-validates-as-required\" id=\"nom\" aria-required=\"true\" aria-invalid=\"false\" value=\"\" type=\"text\" name=\"nom\" \/><\/span>\n<\/p>\n<p><label for=\"your-email\">Correo electr\u00f3nico<\/label><br \/>\n<span class=\"wpcf7-form-control-wrap\" data-name=\"your-email\"><input size=\"40\" maxlength=\"400\" class=\"wpcf7-form-control wpcf7-email wpcf7-validates-as-required wpcf7-text wpcf7-validates-as-email\" id=\"your-email\" autocomplete=\"email\" aria-required=\"true\" aria-invalid=\"false\" value=\"\" type=\"email\" name=\"your-email\" \/><\/span>\n<\/p>\n<p><label for=\"your-subject\">Asunto<\/label><br \/>\n<span class=\"wpcf7-form-control-wrap\" data-name=\"your-subject\"><input size=\"40\" maxlength=\"400\" class=\"wpcf7-form-control wpcf7-text wpcf7-validates-as-required\" id=\"your-subject\" aria-required=\"true\" aria-invalid=\"false\" value=\"\" type=\"text\" name=\"your-subject\" \/><\/span>\n<\/p>\n<p><label for=\"your-message\">Mensaje (opcional)<\/label><br \/>\n<span class=\"wpcf7-form-control-wrap\" data-name=\"your-message\"><textarea cols=\"40\" rows=\"10\" maxlength=\"2000\" class=\"wpcf7-form-control wpcf7-textarea\" id=\"your-message\" aria-invalid=\"false\" name=\"your-message\"><\/textarea><\/span>\n<\/p>\n<p><label for=\"acceptance-962\"><br \/>\n<span class=\"wpcf7-form-control-wrap\" data-name=\"acceptance-962\"><span class=\"wpcf7-form-control wpcf7-acceptance\"><span class=\"wpcf7-list-item\"><input type=\"checkbox\" name=\"acceptance-962\" value=\"1\" id=\"acceptance-962\" aria-invalid=\"false\" \/><\/span><\/span><\/span> He le\u00eddo y acepto la<br \/>\n<a href=\"https:\/\/www.instahomemallorca.com\/politica-de-privadesa\/\" target=\"_blank\">pol\u00edtica de privacidad<\/a> .<br \/>\n<\/label>\n<\/p>\n<p><input class=\"wpcf7-form-control wpcf7-submit has-spinner\" type=\"submit\" value=\"Env\u00eda\" \/>\n<\/p><p style=\"display: none !important;\" class=\"akismet-fields-container\" data-prefix=\"_wpcf7_ak_\"><label>&#916;<textarea name=\"_wpcf7_ak_hp_textarea\" cols=\"45\" rows=\"8\" maxlength=\"100\"><\/textarea><\/label><input type=\"hidden\" id=\"ak_js_1\" name=\"_wpcf7_ak_js\" value=\"70\"\/><script>document.getElementById( \"ak_js_1\" ).setAttribute( \"value\", ( new Date() ).getTime() );<\/script><\/p><div class=\"wpcf7-response-output\" aria-hidden=\"true\"><\/div>\n<\/form>\n<\/div>\n[\/vc_column][\/vc_row][\/vc_section]\n<\/div>","protected":false},"excerpt":{"rendered":"<p>[vc_section full_width=\u00bbstretch_row\u00bb full_height=\u00bbyes\u00bb content_placement=\u00bbmiddle\u00bb parallax=\u00bbcontent-moving\u00bb parallax_image=\u00bb27&#8243; parallax_speed_bg=\u00bb2&#8243; wpex_bg_overlay=\u00bbcolor\u00bb wpex_bg_overlay_color=\u00bb#474746&#8243; wpex_bg_overlay_opacity=\u00bb20%\u00bb local_scroll_id=\u00bbinici\u00bb el_id=\u00bbinici\u00bb][vc_row full_height=\u00bbyes\u00bb css=\u00bb.vc_custom_1747300592239{padding-top: 50px !important;padding-bottom: 50px !important;}\u00bb][vc_column][vc_single_image image=\u00bb17&#8243; css_animation=\u00bbfadeInDown\u00bb alignment=\u00bbcenter\u00bb css=\u00bb.vc_custom_1747315792942{margin-bottom: 0px !important;}\u00bb el_class=\u00bblogo\u00bb][vc_column_text css_animation=\u00bbfadeInUp\u00bb css=\u00bb\u00bb el_class=\u00bbsubtitol-centrat-color-2&#8243;] Nos rige la elegancia y el trabajo bien hecho [\/vc_column_text][\/vc_column][\/vc_row][\/vc_section][vc_section full_width=\u00bbstretch_row\u00bb full_height=\u00bbyes\u00bb content_placement=\u00bbmiddle\u00bb parallax=\u00bbcontent-moving\u00bb parallax_image=\u00bb55&#8243; parallax_speed_bg=\u00bb2&#8243; wpex_bg_overlay=\u00bbcolor\u00bb wpex_bg_overlay_color=\u00bb#474746&#8243; wpex_bg_overlay_opacity=\u00bb90%\u00bb local_scroll_id=\u00bbdescripcio\u00bb el_id=\u00bbdescripcio\u00bb][vc_row full_height=\u00bbyes\u00bb css=\u00bb.vc_custom_1747300592239{padding-top: 50px !important;padding-bottom: 50px !important;}\u00bb][vc_column][vc_single_image&hellip;<\/p>\n","protected":false},"author":1,"featured_media":106,"parent":0,"menu_order":0,"comment_status":"closed","ping_status":"open","template":"","meta":{"inline_featured_image":false,"footnotes":""},"class_list":["post-144","page","type-page","status-publish","has-post-thumbnail","hentry","entry","has-media"],"yoast_head":"<!-- This site is optimized with the Yoast SEO plugin v26.9 - https:\/\/yoast.com\/product\/yoast-seo-wordpress\/ -->\n<title>INICIO - INSTAHOME MALLORCA<\/title>\n<meta name=\"robots\" content=\"index, follow, max-snippet:-1, max-image-preview:large, max-video-preview:-1\" \/>\n<link rel=\"canonical\" href=\"https:\/\/www.instahomemallorca.com\/es\/\" \/>\n<meta property=\"og:locale\" content=\"es_ES\" \/>\n<meta property=\"og:type\" content=\"article\" \/>\n<meta property=\"og:title\" content=\"INICIO - INSTAHOME MALLORCA\" \/>\n<meta property=\"og:description\" content=\"[vc_section full_width=\u00bbstretch_row\u00bb full_height=\u00bbyes\u00bb content_placement=\u00bbmiddle\u00bb parallax=\u00bbcontent-moving\u00bb parallax_image=\u00bb27&#8243; parallax_speed_bg=\u00bb2&#8243; wpex_bg_overlay=\u00bbcolor\u00bb wpex_bg_overlay_color=\u00bb#474746&#8243; wpex_bg_overlay_opacity=\u00bb20%\u00bb local_scroll_id=\u00bbinici\u00bb el_id=\u00bbinici\u00bb][vc_row full_height=\u00bbyes\u00bb css=\u00bb.vc_custom_1747300592239{padding-top: 50px !important;padding-bottom: 50px !important;}\u00bb][vc_column][vc_single_image image=\u00bb17&#8243; css_animation=\u00bbfadeInDown\u00bb alignment=\u00bbcenter\u00bb css=\u00bb.vc_custom_1747315792942{margin-bottom: 0px !important;}\u00bb el_class=\u00bblogo\u00bb][vc_column_text css_animation=\u00bbfadeInUp\u00bb css=\u00bb\u00bb el_class=\u00bbsubtitol-centrat-color-2&#8243;] Nos rige la elegancia y el trabajo bien hecho [\/vc_column_text][\/vc_column][\/vc_row][\/vc_section][vc_section full_width=\u00bbstretch_row\u00bb full_height=\u00bbyes\u00bb content_placement=\u00bbmiddle\u00bb parallax=\u00bbcontent-moving\u00bb parallax_image=\u00bb55&#8243; parallax_speed_bg=\u00bb2&#8243; wpex_bg_overlay=\u00bbcolor\u00bb wpex_bg_overlay_color=\u00bb#474746&#8243; wpex_bg_overlay_opacity=\u00bb90%\u00bb local_scroll_id=\u00bbdescripcio\u00bb el_id=\u00bbdescripcio\u00bb][vc_row full_height=\u00bbyes\u00bb css=\u00bb.vc_custom_1747300592239{padding-top: 50px !important;padding-bottom: 50px !important;}\u00bb][vc_column][vc_single_image&hellip;\" \/>\n<meta property=\"og:url\" content=\"https:\/\/www.instahomemallorca.com\/es\/\" \/>\n<meta property=\"og:site_name\" content=\"INSTAHOME MALLORCA\" \/>\n<meta property=\"article:modified_time\" content=\"2025-05-16T10:17:37+00:00\" \/>\n<meta name=\"twitter:card\" content=\"summary_large_image\" \/>\n<meta name=\"twitter:label1\" content=\"Tiempo de lectura\" \/>\n\t<meta name=\"twitter:data1\" content=\"3 minutos\" \/>\n<script type=\"application\/ld+json\" class=\"yoast-schema-graph\">{\"@context\":\"https:\/\/schema.org\",\"@graph\":[{\"@type\":\"WebPage\",\"@id\":\"https:\/\/www.instahomemallorca.com\/es\/\",\"url\":\"https:\/\/www.instahomemallorca.com\/es\/\",\"name\":\"INICIO - INSTAHOME MALLORCA\",\"isPartOf\":{\"@id\":\"https:\/\/www.instahomemallorca.com\/es\/#website\"},\"primaryImageOfPage\":{\"@id\":\"https:\/\/www.instahomemallorca.com\/es\/#primaryimage\"},\"image\":{\"@id\":\"https:\/\/www.instahomemallorca.com\/es\/#primaryimage\"},\"thumbnailUrl\":\"https:\/\/www.instahomemallorca.com\/wp-content\/uploads\/2025\/05\/1-logo-favicon-instahome-mallorca-instalciones.svg\",\"datePublished\":\"2025-05-15T08:42:51+00:00\",\"dateModified\":\"2025-05-16T10:17:37+00:00\",\"breadcrumb\":{\"@id\":\"https:\/\/www.instahomemallorca.com\/es\/#breadcrumb\"},\"inLanguage\":\"es\",\"potentialAction\":[{\"@type\":\"ReadAction\",\"target\":[\"https:\/\/www.instahomemallorca.com\/es\/\"]}]},{\"@type\":\"ImageObject\",\"inLanguage\":\"es\",\"@id\":\"https:\/\/www.instahomemallorca.com\/es\/#primaryimage\",\"url\":\"https:\/\/www.instahomemallorca.com\/wp-content\/uploads\/2025\/05\/1-logo-favicon-instahome-mallorca-instalciones.svg\",\"contentUrl\":\"https:\/\/www.instahomemallorca.com\/wp-content\/uploads\/2025\/05\/1-logo-favicon-instahome-mallorca-instalciones.svg\"},{\"@type\":\"BreadcrumbList\",\"@id\":\"https:\/\/www.instahomemallorca.com\/es\/#breadcrumb\",\"itemListElement\":[{\"@type\":\"ListItem\",\"position\":1,\"name\":\"Inici\",\"item\":\"https:\/\/www.instahomemallorca.com\/es\/inicio\/\"},{\"@type\":\"ListItem\",\"position\":2,\"name\":\"INICIO\"}]},{\"@type\":\"WebSite\",\"@id\":\"https:\/\/www.instahomemallorca.com\/es\/#website\",\"url\":\"https:\/\/www.instahomemallorca.com\/es\/\",\"name\":\"INSTAHOME MALLORCA\",\"description\":\"\",\"publisher\":{\"@id\":\"https:\/\/www.instahomemallorca.com\/es\/#organization\"},\"potentialAction\":[{\"@type\":\"SearchAction\",\"target\":{\"@type\":\"EntryPoint\",\"urlTemplate\":\"https:\/\/www.instahomemallorca.com\/es\/?s={search_term_string}\"},\"query-input\":{\"@type\":\"PropertyValueSpecification\",\"valueRequired\":true,\"valueName\":\"search_term_string\"}}],\"inLanguage\":\"es\"},{\"@type\":\"Organization\",\"@id\":\"https:\/\/www.instahomemallorca.com\/es\/#organization\",\"name\":\"INSTAHOME MALLORCA\",\"url\":\"https:\/\/www.instahomemallorca.com\/es\/\",\"logo\":{\"@type\":\"ImageObject\",\"inLanguage\":\"es\",\"@id\":\"https:\/\/www.instahomemallorca.com\/es\/#\/schema\/logo\/image\/\",\"url\":\"https:\/\/www.instahomemallorca.com\/wp-content\/uploads\/2025\/05\/1-logo-instahome-mallorca-instalciones.svg\",\"contentUrl\":\"https:\/\/www.instahomemallorca.com\/wp-content\/uploads\/2025\/05\/1-logo-instahome-mallorca-instalciones.svg\",\"caption\":\"INSTAHOME MALLORCA\"},\"image\":{\"@id\":\"https:\/\/www.instahomemallorca.com\/es\/#\/schema\/logo\/image\/\"}}]}<\/script>\n<!-- \/ Yoast SEO plugin. -->","yoast_head_json":{"title":"INICIO - INSTAHOME MALLORCA","robots":{"index":"index","follow":"follow","max-snippet":"max-snippet:-1","max-image-preview":"max-image-preview:large","max-video-preview":"max-video-preview:-1"},"canonical":"https:\/\/www.instahomemallorca.com\/es\/","og_locale":"es_ES","og_type":"article","og_title":"INICIO - INSTAHOME MALLORCA","og_description":"[vc_section full_width=\u00bbstretch_row\u00bb full_height=\u00bbyes\u00bb content_placement=\u00bbmiddle\u00bb parallax=\u00bbcontent-moving\u00bb parallax_image=\u00bb27&#8243; parallax_speed_bg=\u00bb2&#8243; wpex_bg_overlay=\u00bbcolor\u00bb wpex_bg_overlay_color=\u00bb#474746&#8243; wpex_bg_overlay_opacity=\u00bb20%\u00bb local_scroll_id=\u00bbinici\u00bb el_id=\u00bbinici\u00bb][vc_row full_height=\u00bbyes\u00bb css=\u00bb.vc_custom_1747300592239{padding-top: 50px !important;padding-bottom: 50px !important;}\u00bb][vc_column][vc_single_image image=\u00bb17&#8243; css_animation=\u00bbfadeInDown\u00bb alignment=\u00bbcenter\u00bb css=\u00bb.vc_custom_1747315792942{margin-bottom: 0px !important;}\u00bb el_class=\u00bblogo\u00bb][vc_column_text css_animation=\u00bbfadeInUp\u00bb css=\u00bb\u00bb el_class=\u00bbsubtitol-centrat-color-2&#8243;] Nos rige la elegancia y el trabajo bien hecho [\/vc_column_text][\/vc_column][\/vc_row][\/vc_section][vc_section full_width=\u00bbstretch_row\u00bb full_height=\u00bbyes\u00bb content_placement=\u00bbmiddle\u00bb parallax=\u00bbcontent-moving\u00bb parallax_image=\u00bb55&#8243; parallax_speed_bg=\u00bb2&#8243; wpex_bg_overlay=\u00bbcolor\u00bb wpex_bg_overlay_color=\u00bb#474746&#8243; wpex_bg_overlay_opacity=\u00bb90%\u00bb local_scroll_id=\u00bbdescripcio\u00bb el_id=\u00bbdescripcio\u00bb][vc_row full_height=\u00bbyes\u00bb css=\u00bb.vc_custom_1747300592239{padding-top: 50px !important;padding-bottom: 50px !important;}\u00bb][vc_column][vc_single_image&hellip;","og_url":"https:\/\/www.instahomemallorca.com\/es\/","og_site_name":"INSTAHOME MALLORCA","article_modified_time":"2025-05-16T10:17:37+00:00","twitter_card":"summary_large_image","twitter_misc":{"Tiempo de lectura":"3 minutos"},"schema":{"@context":"https:\/\/schema.org","@graph":[{"@type":"WebPage","@id":"https:\/\/www.instahomemallorca.com\/es\/","url":"https:\/\/www.instahomemallorca.com\/es\/","name":"INICIO - INSTAHOME MALLORCA","isPartOf":{"@id":"https:\/\/www.instahomemallorca.com\/es\/#website"},"primaryImageOfPage":{"@id":"https:\/\/www.instahomemallorca.com\/es\/#primaryimage"},"image":{"@id":"https:\/\/www.instahomemallorca.com\/es\/#primaryimage"},"thumbnailUrl":"https:\/\/www.instahomemallorca.com\/wp-content\/uploads\/2025\/05\/1-logo-favicon-instahome-mallorca-instalciones.svg","datePublished":"2025-05-15T08:42:51+00:00","dateModified":"2025-05-16T10:17:37+00:00","breadcrumb":{"@id":"https:\/\/www.instahomemallorca.com\/es\/#breadcrumb"},"inLanguage":"es","potentialAction":[{"@type":"ReadAction","target":["https:\/\/www.instahomemallorca.com\/es\/"]}]},{"@type":"ImageObject","inLanguage":"es","@id":"https:\/\/www.instahomemallorca.com\/es\/#primaryimage","url":"https:\/\/www.instahomemallorca.com\/wp-content\/uploads\/2025\/05\/1-logo-favicon-instahome-mallorca-instalciones.svg","contentUrl":"https:\/\/www.instahomemallorca.com\/wp-content\/uploads\/2025\/05\/1-logo-favicon-instahome-mallorca-instalciones.svg"},{"@type":"BreadcrumbList","@id":"https:\/\/www.instahomemallorca.com\/es\/#breadcrumb","itemListElement":[{"@type":"ListItem","position":1,"name":"Inici","item":"https:\/\/www.instahomemallorca.com\/es\/inicio\/"},{"@type":"ListItem","position":2,"name":"INICIO"}]},{"@type":"WebSite","@id":"https:\/\/www.instahomemallorca.com\/es\/#website","url":"https:\/\/www.instahomemallorca.com\/es\/","name":"INSTAHOME MALLORCA","description":"","publisher":{"@id":"https:\/\/www.instahomemallorca.com\/es\/#organization"},"potentialAction":[{"@type":"SearchAction","target":{"@type":"EntryPoint","urlTemplate":"https:\/\/www.instahomemallorca.com\/es\/?s={search_term_string}"},"query-input":{"@type":"PropertyValueSpecification","valueRequired":true,"valueName":"search_term_string"}}],"inLanguage":"es"},{"@type":"Organization","@id":"https:\/\/www.instahomemallorca.com\/es\/#organization","name":"INSTAHOME MALLORCA","url":"https:\/\/www.instahomemallorca.com\/es\/","logo":{"@type":"ImageObject","inLanguage":"es","@id":"https:\/\/www.instahomemallorca.com\/es\/#\/schema\/logo\/image\/","url":"https:\/\/www.instahomemallorca.com\/wp-content\/uploads\/2025\/05\/1-logo-instahome-mallorca-instalciones.svg","contentUrl":"https:\/\/www.instahomemallorca.com\/wp-content\/uploads\/2025\/05\/1-logo-instahome-mallorca-instalciones.svg","caption":"INSTAHOME MALLORCA"},"image":{"@id":"https:\/\/www.instahomemallorca.com\/es\/#\/schema\/logo\/image\/"}}]}},"_links":{"self":[{"href":"https:\/\/www.instahomemallorca.com\/es\/wp-json\/wp\/v2\/pages\/144","targetHints":{"allow":["GET"]}}],"collection":[{"href":"https:\/\/www.instahomemallorca.com\/es\/wp-json\/wp\/v2\/pages"}],"about":[{"href":"https:\/\/www.instahomemallorca.com\/es\/wp-json\/wp\/v2\/types\/page"}],"author":[{"embeddable":true,"href":"https:\/\/www.instahomemallorca.com\/es\/wp-json\/wp\/v2\/users\/1"}],"replies":[{"embeddable":true,"href":"https:\/\/www.instahomemallorca.com\/es\/wp-json\/wp\/v2\/comments?post=144"}],"version-history":[{"count":5,"href":"https:\/\/www.instahomemallorca.com\/es\/wp-json\/wp\/v2\/pages\/144\/revisions"}],"predecessor-version":[{"id":161,"href":"https:\/\/www.instahomemallorca.com\/es\/wp-json\/wp\/v2\/pages\/144\/revisions\/161"}],"wp:featuredmedia":[{"embeddable":true,"href":"https:\/\/www.instahomemallorca.com\/es\/wp-json\/wp\/v2\/media\/106"}],"wp:attachment":[{"href":"https:\/\/www.instahomemallorca.com\/es\/wp-json\/wp\/v2\/media?parent=144"}],"curies":[{"name":"wp","href":"https:\/\/api.w.org\/{rel}","templated":true}]}}